{"id":546,"date":"2020-10-05T15:03:27","date_gmt":"2020-10-05T15:03:27","guid":{"rendered":"https:\/\/www.nueziger-edelbrenner.at\/?page_id=546"},"modified":"2021-02-28T08:14:38","modified_gmt":"2021-02-28T08:14:38","slug":"geerntet-in-nueziders","status":"publish","type":"page","link":"https:\/\/www.nueziger-edelbrenner.at\/index.php\/geerntet-in-nueziders\/","title":{"rendered":"Geerntet in N\u00fcziders"},"content":{"rendered":"<div data-colibri-id=\"546-c1\" class=\"style-419 style-local-546-c1 position-relative\">\r\n  <!---->\r\n  <div data-colibri-component=\"section\" data-colibri-id=\"546-c2\" id=\"custom\" class=\"h-section h-section-global-spacing d-flex align-items-lg-center align-items-md-center align-items-center style-423 style-local-546-c2 position-relative\">\r\n    <!---->\r\n    <!---->\r\n    <div class=\"h-section-grid-container h-section-boxed-container\">\r\n      <!---->\r\n      <div data-colibri-id=\"546-c3\" class=\"h-row-container gutters-row-lg-2 gutters-row-md-2 gutters-row-0 gutters-row-v-lg-2 gutters-row-v-md-2 gutters-row-v-2 style-429 style-local-546-c3 position-relative\">\r\n        <!---->\r\n        <div class=\"h-row justify-content-lg-center justify-content-md-center justify-content-center align-items-lg-stretch align-items-md-stretch align-items-stretch gutters-col-lg-2 gutters-col-md-2 gutters-col-0 gutters-col-v-lg-2 gutters-col-v-md-2 gutters-col-v-2\">\r\n          <!---->\r\n          <div class=\"h-column h-column-container d-flex h-col-lg-auto h-col-md-auto h-col-auto style-430-outer style-local-546-c4-outer\">\r\n            <div data-colibri-id=\"546-c4\" class=\"d-flex h-flex-basis h-column__inner h-px-lg-2 h-px-md-2 h-px-2 v-inner-lg-2 v-inner-md-2 v-inner-2 style-430 style-local-546-c4 position-relative\">\r\n              <!---->\r\n              <!---->\r\n              <div class=\"w-100 h-y-container h-column__content h-column__v-align flex-basis-100 align-self-lg-start align-self-md-start align-self-start\">\r\n                <!---->\r\n                <div data-colibri-id=\"546-c5\" class=\"h-text h-text-component style-432 style-local-546-c5 position-relative h-element\">\r\n                  <!---->\r\n                  <!---->\r\n                  <div class=\"\">\r\n                    <p>Die Zitronenbirnen werden sorgf\u00e4ltig gewaschen, zerkleinert und mit Aromahefe im k\u00fchlen Gew\u00f6lbekeller bei Tschann Andreas vergoren.<\/p>\r\n                  <\/div>\r\n                <\/div>\r\n              <\/div>\r\n            <\/div>\r\n          <\/div>\r\n        <\/div>\r\n      <\/div>\r\n      <div data-colibri-id=\"546-c6\" class=\"h-row-container gutters-row-lg-2 gutters-row-md-2 gutters-row-0 gutters-row-v-lg-2 gutters-row-v-md-2 gutters-row-v-2 style-424 style-local-546-c6 position-relative\">\r\n        <!---->\r\n        <div class=\"h-row justify-content-lg-center justify-content-md-center justify-content-center align-items-lg-stretch align-items-md-stretch align-items-stretch gutters-col-lg-2 gutters-col-md-2 gutters-col-0 gutters-col-v-lg-2 gutters-col-v-md-2 gutters-col-v-2\">\r\n          <!---->\r\n          <div class=\"h-column h-column-container d-flex h-col-lg-auto h-col-md-auto h-col-auto style-425-outer style-local-546-c7-outer\">\r\n            <div data-colibri-id=\"546-c7\" class=\"d-flex h-flex-basis h-column__inner h-px-lg-2 h-px-md-2 h-px-2 v-inner-lg-2 v-inner-md-2 v-inner-2 style-425 style-local-546-c7 position-relative\">\r\n              <!---->\r\n              <!---->\r\n              <div class=\"w-100 h-y-container h-column__content h-column__v-align flex-basis-100 align-self-lg-start align-self-md-start align-self-start\">\r\n                <!---->\r\n                <div data-colibri-id=\"546-c8\" class=\"d-block style-427 style-local-546-c8 position-relative h-element\">\r\n                  <!---->\r\n                  <div class=\"h-image__frame-container-outer\">\r\n                    <div class=\"h-image__frame-container\">\r\n                      <!---->\r\n                      <!---->\r\n                      <img loading=\"lazy\" decoding=\"async\" width=\"1600\" height=\"901\" src=\"https:\/\/www.nueziger-edelbrenner.at\/wp-content\/uploads\/2020\/10\/IMG-20200910-WA0001.jpg\" class=\"wp-image-549 style-427-image style-local-546-c8-image\" alt=\"\" srcset=\"https:\/\/www.nueziger-edelbrenner.at\/wp-content\/uploads\/2020\/10\/IMG-20200910-WA0001.jpg 1600w, https:\/\/www.nueziger-edelbrenner.at\/wp-content\/uploads\/2020\/10\/IMG-20200910-WA0001-300x169.jpg 300w, https:\/\/www.nueziger-edelbrenner.at\/wp-content\/uploads\/2020\/10\/IMG-20200910-WA0001-1024x577.jpg 1024w, https:\/\/www.nueziger-edelbrenner.at\/wp-content\/uploads\/2020\/10\/IMG-20200910-WA0001-768x432.jpg 768w, https:\/\/www.nueziger-edelbrenner.at\/wp-content\/uploads\/2020\/10\/IMG-20200910-WA0001-1536x865.jpg 1536w\" sizes=\"auto, (max-width: 1600px) 100vw, 1600px\" \/>\r\n                      <div class=\"h-image__frame h-hide-lg h-hide-md h-hide-sm style-427-frameImage style-local-546-c8-frameImage\"><\/div>\r\n                    <\/div>\r\n                  <\/div>\r\n                <\/div>\r\n              <\/div>\r\n            <\/div>\r\n          <\/div>\r\n          <div class=\"h-column h-column-container d-flex h-col-lg-auto h-col-md-auto h-col-auto style-426-outer style-local-546-c9-outer\">\r\n            <div data-colibri-id=\"546-c9\" class=\"d-flex h-flex-basis h-column__inner h-px-lg-2 h-px-md-2 h-px-2 v-inner-lg-2 v-inner-md-2 v-inner-2 style-426 style-local-546-c9 position-relative\">\r\n              <!---->\r\n              <!---->\r\n              <div class=\"w-100 h-y-container h-column__content h-column__v-align flex-basis-100 align-self-lg-start align-self-md-start align-self-start\">\r\n                <!---->\r\n                <div data-colibri-id=\"546-c10\" class=\"d-block style-428 style-local-546-c10 position-relative h-element\">\r\n                  <!---->\r\n                  <div class=\"h-image__frame-container-outer\">\r\n                    <div class=\"h-image__frame-container\">\r\n                      <!---->\r\n                      <!---->\r\n                      <img loading=\"lazy\" decoding=\"async\" width=\"1600\" height=\"1200\" src=\"https:\/\/www.nueziger-edelbrenner.at\/wp-content\/uploads\/2020\/10\/IMG-20200919-WA0002.jpg\" class=\"wp-image-550 style-428-image style-local-546-c10-image\" alt=\"\" srcset=\"https:\/\/www.nueziger-edelbrenner.at\/wp-content\/uploads\/2020\/10\/IMG-20200919-WA0002.jpg 1600w, https:\/\/www.nueziger-edelbrenner.at\/wp-content\/uploads\/2020\/10\/IMG-20200919-WA0002-300x225.jpg 300w, https:\/\/www.nueziger-edelbrenner.at\/wp-content\/uploads\/2020\/10\/IMG-20200919-WA0002-1024x768.jpg 1024w, https:\/\/www.nueziger-edelbrenner.at\/wp-content\/uploads\/2020\/10\/IMG-20200919-WA0002-768x576.jpg 768w, https:\/\/www.nueziger-edelbrenner.at\/wp-content\/uploads\/2020\/10\/IMG-20200919-WA0002-1536x1152.jpg 1536w\" sizes=\"auto, (max-width: 1600px) 100vw, 1600px\" \/>\r\n                      <div class=\"h-image__frame h-hide-lg h-hide-md h-hide-sm style-428-frameImage style-local-546-c10-frameImage\"><\/div>\r\n                    <\/div>\r\n                  <\/div>\r\n                <\/div>\r\n              <\/div>\r\n            <\/div>\r\n          <\/div>\r\n        <\/div>\r\n      <\/div>\r\n      <div data-colibri-id=\"546-c30\" class=\"h-row-container gutters-row-lg-0 gutters-row-md-0 gutters-row-0 gutters-row-v-lg-0 gutters-row-v-md-0 gutters-row-v-0 style-468 style-local-546-c30 position-relative\">\r\n        <!---->\r\n        <div class=\"h-row justify-content-lg-center justify-content-md-center justify-content-center align-items-lg-stretch align-items-md-stretch align-items-stretch gutters-col-lg-0 gutters-col-md-0 gutters-col-0 gutters-col-v-lg-0 gutters-col-v-md-0 gutters-col-v-0\">\r\n          <!---->\r\n          <div class=\"h-column h-column-container d-flex h-col-lg-auto h-col-md-auto h-col-auto style-470-outer style-local-546-c32-outer\">\r\n            <div data-colibri-id=\"546-c32\" class=\"d-flex h-flex-basis h-column__inner h-px-lg-0 h-px-md-0 h-px-0 v-inner-lg-0 v-inner-md-0 v-inner-0 style-470 style-local-546-c32 position-relative\">\r\n              <!---->\r\n              <!---->\r\n              <div class=\"w-100 h-y-container h-column__content h-column__v-align flex-basis-100 align-self-lg-start align-self-md-start align-self-start\">\r\n                <!---->\r\n                <div data-colibri-id=\"546-c33\" class=\"style-471 style-local-546-c33 position-relative h-element\">\r\n                  <!---->\r\n                <\/div>\r\n              <\/div>\r\n            <\/div>\r\n          <\/div>\r\n        <\/div>\r\n      <\/div>\r\n      <div data-colibri-id=\"546-c16\" class=\"h-row-container gutters-row-lg-2 gutters-row-md-2 gutters-row-0 gutters-row-v-lg-2 gutters-row-v-md-2 gutters-row-v-2 style-454 style-local-546-c16 position-relative\">\r\n        <!---->\r\n        <div class=\"h-row justify-content-lg-center justify-content-md-center justify-content-center align-items-lg-stretch align-items-md-stretch align-items-stretch gutters-col-lg-2 gutters-col-md-2 gutters-col-0 gutters-col-v-lg-2 gutters-col-v-md-2 gutters-col-v-2\">\r\n          <!---->\r\n          <div class=\"h-column h-column-container d-flex h-col-lg-auto h-col-md-auto h-col-auto style-455-outer style-local-546-c17-outer\">\r\n            <div data-colibri-id=\"546-c17\" class=\"d-flex h-flex-basis h-column__inner h-px-lg-2 h-px-md-2 h-px-2 v-inner-lg-2 v-inner-md-2 v-inner-2 style-455 style-local-546-c17 position-relative\">\r\n              <!---->\r\n              <!---->\r\n              <div class=\"w-100 h-y-container h-column__content h-column__v-align flex-basis-100 align-self-lg-start align-self-md-start align-self-start\">\r\n                <!---->\r\n                <div data-colibri-id=\"546-c19\" class=\"h-text h-text-component style-457 style-local-546-c19 position-relative h-element\">\r\n                  <!---->\r\n                  <!---->\r\n                  <div class=\"\">\r\n                    <p>11.10.2020 wieder ein Einmaischtermin&nbsp;<\/p>\r\n                  <\/div>\r\n                <\/div>\r\n              <\/div>\r\n            <\/div>\r\n          <\/div>\r\n        <\/div>\r\n      <\/div>\r\n      <div data-colibri-id=\"546-c20\" class=\"h-row-container gutters-row-lg-2 gutters-row-md-2 gutters-row-0 gutters-row-v-lg-2 gutters-row-v-md-2 gutters-row-v-2 style-458 style-local-546-c20 position-relative\">\r\n        <!---->\r\n        <div class=\"h-row justify-content-lg-center justify-content-md-center justify-content-center align-items-lg-stretch align-items-md-stretch align-items-stretch gutters-col-lg-2 gutters-col-md-2 gutters-col-0 gutters-col-v-lg-2 gutters-col-v-md-2 gutters-col-v-2\">\r\n          <!---->\r\n          <div class=\"h-column h-column-container d-flex h-col-lg-auto h-col-md-auto h-col-auto style-459-outer style-local-546-c21-outer\">\r\n            <div data-colibri-id=\"546-c21\" class=\"d-flex h-flex-basis h-column__inner h-px-lg-2 h-px-md-2 h-px-2 v-inner-lg-2 v-inner-md-2 v-inner-2 style-459 style-local-546-c21 position-relative\">\r\n              <!---->\r\n              <!---->\r\n              <div class=\"w-100 h-y-container h-column__content h-column__v-align flex-basis-100 align-self-lg-start align-self-md-start align-self-start\">\r\n                <!---->\r\n                <div data-colibri-id=\"546-c23\" class=\"d-block style-461 style-local-546-c23 position-relative h-element\">\r\n                  <!---->\r\n                  <div class=\"h-image__frame-container-outer\">\r\n                    <div class=\"h-image__frame-container\">\r\n                      <!---->\r\n                      <!---->\r\n                      <img loading=\"lazy\" decoding=\"async\" width=\"805\" height=\"761\" src=\"https:\/\/www.nueziger-edelbrenner.at\/wp-content\/uploads\/2020\/10\/cropped-IMG-20201008-WA0003.jpg\" class=\"wp-image-592 style-461-image style-local-546-c23-image\" alt=\"\" srcset=\"https:\/\/www.nueziger-edelbrenner.at\/wp-content\/uploads\/2020\/10\/cropped-IMG-20201008-WA0003.jpg 805w, https:\/\/www.nueziger-edelbrenner.at\/wp-content\/uploads\/2020\/10\/cropped-IMG-20201008-WA0003-300x284.jpg 300w, https:\/\/www.nueziger-edelbrenner.at\/wp-content\/uploads\/2020\/10\/cropped-IMG-20201008-WA0003-768x726.jpg 768w\" sizes=\"auto, (max-width: 805px) 100vw, 805px\" \/>\r\n                      <div class=\"h-image__frame h-hide-lg h-hide-md h-hide-sm style-461-frameImage style-local-546-c23-frameImage\"><\/div>\r\n                    <\/div>\r\n                  <\/div>\r\n                <\/div>\r\n              <\/div>\r\n            <\/div>\r\n          <\/div>\r\n          <div class=\"h-column h-column-container d-flex h-col-lg-auto h-col-md-auto h-col-auto style-460-outer style-local-546-c22-outer\">\r\n            <div data-colibri-id=\"546-c22\" class=\"d-flex h-flex-basis h-column__inner h-px-lg-2 h-px-md-2 h-px-2 v-inner-lg-2 v-inner-md-2 v-inner-2 style-460 style-local-546-c22 position-relative\">\r\n              <!---->\r\n              <!---->\r\n              <div class=\"w-100 h-y-container h-column__content h-column__v-align flex-basis-100 align-self-lg-start align-self-md-start align-self-start\">\r\n                <!---->\r\n                <div data-colibri-id=\"546-c26\" class=\"d-block style-464 style-local-546-c26 position-relative h-element\">\r\n                  <!---->\r\n                  <div class=\"h-image__frame-container-outer\">\r\n                    <div class=\"h-image__frame-container\">\r\n                      <!---->\r\n                      <!---->\r\n                      <img loading=\"lazy\" decoding=\"async\" width=\"1282\" height=\"1200\" src=\"https:\/\/www.nueziger-edelbrenner.at\/wp-content\/uploads\/2020\/10\/cropped-IMG-20201011-WA0013.jpg\" class=\"wp-image-595 style-464-image style-local-546-c26-image\" alt=\"\" srcset=\"https:\/\/www.nueziger-edelbrenner.at\/wp-content\/uploads\/2020\/10\/cropped-IMG-20201011-WA0013.jpg 1282w, https:\/\/www.nueziger-edelbrenner.at\/wp-content\/uploads\/2020\/10\/cropped-IMG-20201011-WA0013-300x281.jpg 300w, https:\/\/www.nueziger-edelbrenner.at\/wp-content\/uploads\/2020\/10\/cropped-IMG-20201011-WA0013-1024x959.jpg 1024w, https:\/\/www.nueziger-edelbrenner.at\/wp-content\/uploads\/2020\/10\/cropped-IMG-20201011-WA0013-768x719.jpg 768w\" sizes=\"auto, (max-width: 1282px) 100vw, 1282px\" \/>\r\n                      <div class=\"h-image__frame h-hide-lg h-hide-md h-hide-sm style-464-frameImage style-local-546-c26-frameImage\"><\/div>\r\n                    <\/div>\r\n                  <\/div>\r\n                <\/div>\r\n              <\/div>\r\n            <\/div>\r\n          <\/div>\r\n          <div class=\"h-column h-column-container d-flex h-col-lg-auto h-col-md-auto h-col-auto style-462-outer style-local-546-c24-outer\">\r\n            <div data-colibri-id=\"546-c24\" class=\"d-flex h-flex-basis h-column__inner h-px-lg-2 h-px-md-2 h-px-2 v-inner-lg-2 v-inner-md-2 v-inner-2 style-462 style-local-546-c24 position-relative\">\r\n              <!---->\r\n              <!---->\r\n              <div class=\"w-100 h-y-container h-column__content h-column__v-align flex-basis-100 align-self-lg-start align-self-md-start align-self-start\">\r\n                <!---->\r\n                <div data-colibri-id=\"546-c27\" class=\"d-block style-465 style-local-546-c27 position-relative h-element\">\r\n                  <!---->\r\n                  <div class=\"h-image__frame-container-outer\">\r\n                    <div class=\"h-image__frame-container\">\r\n                      <!---->\r\n                      <!---->\r\n                      <img loading=\"lazy\" decoding=\"async\" width=\"1200\" height=\"1396\" src=\"https:\/\/www.nueziger-edelbrenner.at\/wp-content\/uploads\/2020\/10\/cropped-IMG-20201009-WA0008.jpg\" class=\"wp-image-597 style-465-image style-local-546-c27-image\" alt=\"\" srcset=\"https:\/\/www.nueziger-edelbrenner.at\/wp-content\/uploads\/2020\/10\/cropped-IMG-20201009-WA0008.jpg 1200w, https:\/\/www.nueziger-edelbrenner.at\/wp-content\/uploads\/2020\/10\/cropped-IMG-20201009-WA0008-258x300.jpg 258w, https:\/\/www.nueziger-edelbrenner.at\/wp-content\/uploads\/2020\/10\/cropped-IMG-20201009-WA0008-880x1024.jpg 880w, https:\/\/www.nueziger-edelbrenner.at\/wp-content\/uploads\/2020\/10\/cropped-IMG-20201009-WA0008-768x893.jpg 768w\" sizes=\"auto, (max-width: 1200px) 100vw, 1200px\" \/>\r\n                      <div class=\"h-image__frame h-hide-lg h-hide-md h-hide-sm style-465-frameImage style-local-546-c27-frameImage\"><\/div>\r\n                    <\/div>\r\n                  <\/div>\r\n                <\/div>\r\n              <\/div>\r\n            <\/div>\r\n          <\/div>\r\n          <div class=\"h-column h-column-container d-flex h-col-lg-auto h-col-md-auto h-col-auto style-463-outer style-local-546-c25-outer\">\r\n            <div data-colibri-id=\"546-c25\" class=\"d-flex h-flex-basis h-column__inner h-px-lg-2 h-px-md-2 h-px-2 v-inner-lg-2 v-inner-md-2 v-inner-2 style-463 style-local-546-c25 position-relative\">\r\n              <!---->\r\n              <!---->\r\n              <div class=\"w-100 h-y-container h-column__content h-column__v-align flex-basis-100 align-self-lg-start align-self-md-start align-self-start\">\r\n                <!---->\r\n                <div data-colibri-id=\"546-c28\" class=\"d-block style-466 style-local-546-c28 position-relative h-element\">\r\n                  <!---->\r\n                  <div class=\"h-image__frame-container-outer\">\r\n                    <div class=\"h-image__frame-container\">\r\n                      <!---->\r\n                      <!---->\r\n                      <img loading=\"lazy\" decoding=\"async\" width=\"1457\" height=\"1200\" src=\"https:\/\/www.nueziger-edelbrenner.at\/wp-content\/uploads\/2020\/10\/cropped-IMG-20201009-WA0005.jpg\" class=\"wp-image-599 style-466-image style-local-546-c28-image\" alt=\"\" srcset=\"https:\/\/www.nueziger-edelbrenner.at\/wp-content\/uploads\/2020\/10\/cropped-IMG-20201009-WA0005.jpg 1457w, https:\/\/www.nueziger-edelbrenner.at\/wp-content\/uploads\/2020\/10\/cropped-IMG-20201009-WA0005-300x247.jpg 300w, https:\/\/www.nueziger-edelbrenner.at\/wp-content\/uploads\/2020\/10\/cropped-IMG-20201009-WA0005-1024x843.jpg 1024w, https:\/\/www.nueziger-edelbrenner.at\/wp-content\/uploads\/2020\/10\/cropped-IMG-20201009-WA0005-768x633.jpg 768w\" sizes=\"auto, (max-width: 1457px) 100vw, 1457px\" \/>\r\n                      <div class=\"h-image__frame h-hide-lg h-hide-md h-hide-sm style-466-frameImage style-local-546-c28-frameImage\"><\/div>\r\n                    <\/div>\r\n                  <\/div>\r\n                <\/div>\r\n              <\/div>\r\n            <\/div>\r\n          <\/div>\r\n        <\/div>\r\n      <\/div>\r\n    <\/div>\r\n  <\/div>\r\n<\/div>","protected":false},"excerpt":{"rendered":"<p>Die Zitronenbirnen werden sorgf\u00e4ltig gewaschen, zerkleinert und mit Aromahefe im k\u00fchlen Gew\u00f6lbekeller bei Tschann Andreas vergoren. 11.10.2020 wieder ein Einmaischtermin&nbsp;<\/p>\n","protected":false},"author":1,"featured_media":0,"parent":0,"menu_order":0,"comment_status":"closed","ping_status":"closed","template":"page-templates\/full-width-page.php","meta":{"footnotes":""},"class_list":["post-546","page","type-page","status-publish","hentry"],"_links":{"self":[{"href":"https:\/\/www.nueziger-edelbrenner.at\/index.php\/wp-json\/wp\/v2\/pages\/546","targetHints":{"allow":["GET"]}}],"collection":[{"href":"https:\/\/www.nueziger-edelbrenner.at\/index.php\/wp-json\/wp\/v2\/pages"}],"about":[{"href":"https:\/\/www.nueziger-edelbrenner.at\/index.php\/wp-json\/wp\/v2\/types\/page"}],"author":[{"embeddable":true,"href":"https:\/\/www.nueziger-edelbrenner.at\/index.php\/wp-json\/wp\/v2\/users\/1"}],"replies":[{"embeddable":true,"href":"https:\/\/www.nueziger-edelbrenner.at\/index.php\/wp-json\/wp\/v2\/comments?post=546"}],"version-history":[{"count":5,"href":"https:\/\/www.nueziger-edelbrenner.at\/index.php\/wp-json\/wp\/v2\/pages\/546\/revisions"}],"predecessor-version":[{"id":615,"href":"https:\/\/www.nueziger-edelbrenner.at\/index.php\/wp-json\/wp\/v2\/pages\/546\/revisions\/615"}],"wp:attachment":[{"href":"https:\/\/www.nueziger-edelbrenner.at\/index.php\/wp-json\/wp\/v2\/media?parent=546"}],"curies":[{"name":"wp","href":"https:\/\/api.w.org\/{rel}","templated":true}]}}